{"id":113,"date":"2025-03-03T11:02:01","date_gmt":"2025-03-03T11:02:01","guid":{"rendered":"https:\/\/medina-spa.com\/?page_id=113"},"modified":"2025-03-03T11:20:07","modified_gmt":"2025-03-03T11:20:07","slug":"a-propos-de-nous","status":"publish","type":"page","link":"https:\/\/medina-spa.com\/fr\/about-us\/","title":{"rendered":"\u00c0 propos de nous"},"content":{"rendered":"<div data-elementor-type=\"wp-page\" data-elementor-id=\"113\" class=\"elementor elementor-113\" data-elementor-post-type=\"page\">\n\t\t\t\t\t\t<section class=\"elementor-section elementor-top-section elementor-element elementor-element-3b3b0828 elementor-section-boxed elementor-section-height-default elementor-section-height-default\" data-id=\"3b3b0828\" data-element_type=\"section\" data-e-type=\"section\" data-settings=\"{&quot;background_background&quot;:&quot;classic&quot;}\">\n\t\t\t\t\t\t\t<div class=\"elementor-background-overlay\"><\/div>\n\t\t\t\t\t\t\t<div class=\"elementor-container elementor-column-gap-default\">\n\t\t\t\t\t<div class=\"elementor-column elementor-col-100 elementor-top-column elementor-element elementor-element-5767af3c\" data-id=\"5767af3c\" data-element_type=\"column\" data-e-type=\"column\">\n\t\t\t<div class=\"elementor-widget-wrap elementor-element-populated\">\n\t\t\t\t\t\t<div class=\"elementor-element elementor-element-4e0c845c elementor-widget elementor-widget-heading\" data-id=\"4e0c845c\" data-element_type=\"widget\" data-e-type=\"widget\" data-widget_type=\"heading.default\">\n\t\t\t\t<div class=\"elementor-widget-container\">\n\t\t\t\t\t<h4 class=\"elementor-heading-title elementor-size-default\">\u00c0 propos de nous<\/h4>\t\t\t\t<\/div>\n\t\t\t\t<\/div>\n\t\t\t\t<div class=\"elementor-element elementor-element-5b389d3 elementor-widget elementor-widget-heading\" data-id=\"5b389d3\" data-element_type=\"widget\" data-e-type=\"widget\" data-widget_type=\"heading.default\">\n\t\t\t\t<div class=\"elementor-widget-container\">\n\t\t\t\t\t<h1 class=\"elementor-heading-title elementor-size-default\">Croire en la magie de la saison<\/h1>\t\t\t\t<\/div>\n\t\t\t\t<\/div>\n\t\t\t\t<div class=\"elementor-element elementor-element-77e29a1d elementor-widget elementor-widget-text-editor\" data-id=\"77e29a1d\" data-element_type=\"widget\" data-e-type=\"widget\" data-widget_type=\"text-editor.default\">\n\t\t\t\t<div class=\"elementor-widget-container\">\n\t\t\t\t\t\t\t\t\t<p>Nous vous invitons \u00e0 visiter notre spa familial, o\u00f9 notre objectif est de vous faire vivre une exp\u00e9rience unique \u00e0 Marrakech. Vous serez pris en charge d\u00e8s votre arriv\u00e9e et jusqu'\u00e0 votre d\u00e9part. Nous avons \u00e0 c\u0153ur de prendre soin de vous comme de notre propre famille.<\/p>\t\t\t\t\t\t\t\t<\/div>\n\t\t\t\t<\/div>\n\t\t\t\t\t<\/div>\n\t\t<\/div>\n\t\t\t\t\t<\/div>\n\t\t<\/section>\n\t\t\t\t<section class=\"elementor-section elementor-top-section elementor-element elementor-element-af22168 elementor-section-boxed elementor-section-height-default elementor-section-height-default\" data-id=\"af22168\" data-element_type=\"section\" data-e-type=\"section\" data-settings=\"{&quot;background_background&quot;:&quot;classic&quot;}\">\n\t\t\t\t\t\t<div class=\"elementor-container elementor-column-gap-default\">\n\t\t\t\t\t<div class=\"elementor-column elementor-col-50 elementor-top-column elementor-element elementor-element-4a02058d\" data-id=\"4a02058d\" data-element_type=\"column\" data-e-type=\"column\">\n\t\t\t<div class=\"elementor-widget-wrap elementor-element-populated\">\n\t\t\t\t\t\t<div class=\"elementor-element elementor-element-521f22f5 elementor-widget elementor-widget-heading\" data-id=\"521f22f5\" data-element_type=\"widget\" data-e-type=\"widget\" data-widget_type=\"heading.default\">\n\t\t\t\t<div class=\"elementor-widget-container\">\n\t\t\t\t\t<h2 class=\"elementor-heading-title elementor-size-default\">Bienvenue au Spa Hammam de M\u00e9dine<\/h2>\t\t\t\t<\/div>\n\t\t\t\t<\/div>\n\t\t\t\t<div class=\"elementor-element elementor-element-4beb90eb elementor-widget elementor-widget-text-editor\" data-id=\"4beb90eb\" data-element_type=\"widget\" data-e-type=\"widget\" data-widget_type=\"text-editor.default\">\n\t\t\t\t<div class=\"elementor-widget-container\">\n\t\t\t\t\t\t\t\t\t<p data-start=\"88\" data-end=\"460\">Nich\u00e9 au c\u0153ur de la vibrante m\u00e9dina de Marrakech, <strong data-start=\"140\" data-end=\"162\">notre spa et hammam<\/strong> est un sanctuaire de s\u00e9r\u00e9nit\u00e9, o\u00f9 les anciens rituels de bien-\u00eatre rencontrent la relaxation moderne. Loin de l'agitation de la ville, cette retraite cach\u00e9e vous invite \u00e0 vous immerger dans les traditions ancestrales des hammams marocains et des th\u00e9rapies orientales, con\u00e7ues pour rajeunir le corps et l'esprit.<\/p><p data-start=\"462\" data-end=\"826\">La douce \u00e9treinte de la vapeur chaude, associ\u00e9e \u00e0 notre gamme exclusive de traitements - enracin\u00e9s dans des secrets de beaut\u00e9 et de bien-\u00eatre s\u00e9culaires transmis de g\u00e9n\u00e9ration en g\u00e9n\u00e9ration - offre une exp\u00e9rience profond\u00e9ment r\u00e9paratrice. Alors que votre peau est purifi\u00e9e et revitalis\u00e9e, l'ambiance tranquille vous encourage \u00e0 vous reconnecter \u00e0 vous-m\u00eame, pour atteindre un v\u00e9ritable \u00e9tat d'\u00e9quilibre et de relaxation.<\/p><p data-start=\"828\" data-end=\"957\">Venez d\u00e9couvrir l'essence du bien-\u00eatre marocain, o\u00f9 tradition et tranquillit\u00e9 s'unissent pour un voyage thermal inoubliable.<\/p>\t\t\t\t\t\t\t\t<\/div>\n\t\t\t\t<\/div>\n\t\t\t\t\t<\/div>\n\t\t<\/div>\n\t\t\t\t<div class=\"elementor-column elementor-col-50 elementor-top-column elementor-element elementor-element-3a5b33d7 elementor-hidden-mobile\" data-id=\"3a5b33d7\" data-element_type=\"column\" data-e-type=\"column\">\n\t\t\t<div class=\"elementor-widget-wrap elementor-element-populated\">\n\t\t\t\t\t\t<div class=\"elementor-element elementor-element-4a55af4 elementor-widget elementor-widget-image\" data-id=\"4a55af4\" data-element_type=\"widget\" data-e-type=\"widget\" data-widget_type=\"image.default\">\n\t\t\t\t<div class=\"elementor-widget-container\">\n\t\t\t\t\t\t\t\t\t\t\t\t\t\t\t<img fetchpriority=\"high\" decoding=\"async\" width=\"640\" height=\"361\" src=\"https:\/\/medina-spa.com\/wp-content\/uploads\/2025\/03\/Les-Bains-dOrient.png\" class=\"attachment-large size-large wp-image-77\" alt=\"SPA &amp; Hammam M\u00e9dina\" srcset=\"https:\/\/medina-spa.com\/wp-content\/uploads\/2025\/03\/Les-Bains-dOrient.png 640w, https:\/\/medina-spa.com\/wp-content\/uploads\/2025\/03\/Les-Bains-dOrient-300x169.png 300w\" sizes=\"(max-width: 640px) 100vw, 640px\" \/>\t\t\t\t\t\t\t\t\t\t\t\t\t\t\t<\/div>\n\t\t\t\t<\/div>\n\t\t\t\t\t<\/div>\n\t\t<\/div>\n\t\t\t\t\t<\/div>\n\t\t<\/section>\n\t\t\t\t<section class=\"elementor-section elementor-top-section elementor-element elementor-element-5328ff72 elementor-section-boxed elementor-section-height-default elementor-section-height-default\" data-id=\"5328ff72\" data-element_type=\"section\" data-e-type=\"section\" data-settings=\"{&quot;background_background&quot;:&quot;classic&quot;}\">\n\t\t\t\t\t\t<div class=\"elementor-container elementor-column-gap-default\">\n\t\t\t\t\t<div class=\"elementor-column elementor-col-50 elementor-top-column elementor-element elementor-element-a83e4a9\" data-id=\"a83e4a9\" data-element_type=\"column\" data-e-type=\"column\">\n\t\t\t<div class=\"elementor-widget-wrap elementor-element-populated\">\n\t\t\t\t\t\t<div class=\"elementor-element elementor-element-43e453d9 elementor-widget elementor-widget-heading\" data-id=\"43e453d9\" data-element_type=\"widget\" data-e-type=\"widget\" data-widget_type=\"heading.default\">\n\t\t\t\t<div class=\"elementor-widget-container\">\n\t\t\t\t\t<h2 class=\"elementor-heading-title elementor-size-default\">NOS HORAIRES ET R\u00c9SERVATIONS\n<\/h2>\t\t\t\t<\/div>\n\t\t\t\t<\/div>\n\t\t\t\t<div class=\"elementor-element elementor-element-784ff7dd elementor-widget elementor-widget-text-editor\" data-id=\"784ff7dd\" data-element_type=\"widget\" data-e-type=\"widget\" data-widget_type=\"text-editor.default\">\n\t\t\t\t<div class=\"elementor-widget-container\">\n\t\t\t\t\t\t\t\t\t<p>Le spa est ouvert tous les jours de 11 heures \u00e0 22 heures, le dernier rendez-vous \u00e9tant fix\u00e9 \u00e0 21 heures. Pour faire une r\u00e9servation, veuillez cliquer sur<\/p>\t\t\t\t\t\t\t\t<\/div>\n\t\t\t\t<\/div>\n\t\t\t\t<div class=\"elementor-element elementor-element-6e754db elementor-widget elementor-widget-button\" data-id=\"6e754db\" data-element_type=\"widget\" data-e-type=\"widget\" data-widget_type=\"button.default\">\n\t\t\t\t<div class=\"elementor-widget-container\">\n\t\t\t\t\t\t\t\t\t<div class=\"elementor-button-wrapper\">\n\t\t\t\t\t<a class=\"elementor-button elementor-button-link elementor-size-sm\" href=\"#\">\n\t\t\t\t\t\t<span class=\"elementor-button-content-wrapper\">\n\t\t\t\t\t\t\t\t\t<span class=\"elementor-button-text\">Prise de rendez-vous<\/span>\n\t\t\t\t\t<\/span>\n\t\t\t\t\t<\/a>\n\t\t\t\t<\/div>\n\t\t\t\t\t\t\t\t<\/div>\n\t\t\t\t<\/div>\n\t\t\t\t<div class=\"elementor-element elementor-element-5d06c40 elementor-widget elementor-widget-text-editor\" data-id=\"5d06c40\" data-element_type=\"widget\" data-e-type=\"widget\" data-widget_type=\"text-editor.default\">\n\t\t\t\t<div class=\"elementor-widget-container\">\n\t\t\t\t\t\t\t\t\t<p data-start=\"68\" data-end=\"164\">Pour toute demande de renseignements ou de r\u00e9servations, n'h\u00e9sitez pas \u00e0 nous contacter par WhatsApp \u00e0 l'adresse suivante <strong data-start=\"139\" data-end=\"161\">+212 661524156<\/strong>.<\/p><p data-start=\"166\" data-end=\"286\"><strong data-start=\"166\" data-end=\"197\">Une r\u00e9servation pr\u00e9alable est n\u00e9cessaire<\/strong> - Veuillez faire votre r\u00e9servation au moins <strong data-start=\"238\" data-end=\"260\">4 heures \u00e0 l'avance<\/strong> afin d'en assurer la disponibilit\u00e9.<\/p><p data-start=\"288\" data-end=\"353\">Veuillez noter que nous pouvons \u00eatre ferm\u00e9s lors de certains jours f\u00e9ri\u00e9s marocains.<\/p><p data-start=\"355\" data-end=\"458\">Nous acceptons les paiements en <strong data-start=\"377\" data-end=\"403\">Dirhams marocains (MAD)<\/strong> et accepter \u00e9galement <strong data-start=\"420\" data-end=\"455\">Visa, MasterCard, JCB et Amex<\/strong>.<\/p>\t\t\t\t\t\t\t\t<\/div>\n\t\t\t\t<\/div>\n\t\t\t\t<div class=\"elementor-element elementor-element-53626260 elementor-align-left elementor-mobile-align-justify elementor-widget elementor-widget-button\" data-id=\"53626260\" data-element_type=\"widget\" data-e-type=\"widget\" data-widget_type=\"button.default\">\n\t\t\t\t<div class=\"elementor-widget-container\">\n\t\t\t\t\t\t\t\t\t<div class=\"elementor-button-wrapper\">\n\t\t\t\t\t<a class=\"elementor-button elementor-button-link elementor-size-sm elementor-animation-push\" href=\"https:\/\/medina-spa.com\/fr\/?page_id=105\">\n\t\t\t\t\t\t<span class=\"elementor-button-content-wrapper\">\n\t\t\t\t\t\t\t\t\t<span class=\"elementor-button-text\">Nous contacter<\/span>\n\t\t\t\t\t<\/span>\n\t\t\t\t\t<\/a>\n\t\t\t\t<\/div>\n\t\t\t\t\t\t\t\t<\/div>\n\t\t\t\t<\/div>\n\t\t\t\t\t<\/div>\n\t\t<\/div>\n\t\t\t\t<div class=\"elementor-column elementor-col-50 elementor-top-column elementor-element elementor-element-24291dd3\" data-id=\"24291dd3\" data-element_type=\"column\" data-e-type=\"column\">\n\t\t\t<div class=\"elementor-widget-wrap elementor-element-populated\">\n\t\t\t\t\t\t<div class=\"elementor-element elementor-element-edbd0c1 elementor-invisible elementor-widget elementor-widget-google_maps\" data-id=\"edbd0c1\" data-element_type=\"widget\" data-e-type=\"widget\" data-settings=\"{&quot;_animation&quot;:&quot;fadeInUp&quot;}\" data-widget_type=\"google_maps.default\">\n\t\t\t\t<div class=\"elementor-widget-container\">\n\t\t\t\t\t\t\t<div class=\"elementor-custom-embed\">\n\t\t\t<iframe loading=\"lazy\"\n\t\t\t\t\tsrc=\"https:\/\/maps.google.com\/maps?q=Medina%20marrakech&#038;t=m&#038;z=17&#038;output=embed&#038;iwloc=near\"\n\t\t\t\t\ttitle=\"M\u00e9dina marrakech\"\n\t\t\t\t\taria-label=\"M\u00e9dina marrakech\"\n\t\t\t><\/iframe>\n\t\t<\/div>\n\t\t\t\t\t\t<\/div>\n\t\t\t\t<\/div>\n\t\t\t\t\t<\/div>\n\t\t<\/div>\n\t\t\t\t\t<\/div>\n\t\t<\/section>\n\t\t\t\t<\/div>","protected":false},"excerpt":{"rendered":"<p>About Us Believe In The Magic of The Season We invite you to visit our family spa, where our goal is to provide you with a unique Marrakech experience. You will be taken care of from the moment you arrive until you depart. We are truly care about taking care of you as we do [&hellip;]<\/p>\n","protected":false},"author":1,"featured_media":0,"parent":0,"menu_order":0,"comment_status":"closed","ping_status":"closed","template":"","meta":{"_joinchat":[],"footnotes":""},"class_list":["post-113","page","type-page","status-publish","hentry"],"_hostinger_reach_plugin_has_subscription_block":false,"_hostinger_reach_plugin_is_elementor":false,"_links":{"self":[{"href":"https:\/\/medina-spa.com\/fr\/wp-json\/wp\/v2\/pages\/113","targetHints":{"allow":["GET"]}}],"collection":[{"href":"https:\/\/medina-spa.com\/fr\/wp-json\/wp\/v2\/pages"}],"about":[{"href":"https:\/\/medina-spa.com\/fr\/wp-json\/wp\/v2\/types\/page"}],"author":[{"embeddable":true,"href":"https:\/\/medina-spa.com\/fr\/wp-json\/wp\/v2\/users\/1"}],"replies":[{"embeddable":true,"href":"https:\/\/medina-spa.com\/fr\/wp-json\/wp\/v2\/comments?post=113"}],"version-history":[{"count":7,"href":"https:\/\/medina-spa.com\/fr\/wp-json\/wp\/v2\/pages\/113\/revisions"}],"predecessor-version":[{"id":124,"href":"https:\/\/medina-spa.com\/fr\/wp-json\/wp\/v2\/pages\/113\/revisions\/124"}],"wp:attachment":[{"href":"https:\/\/medina-spa.com\/fr\/wp-json\/wp\/v2\/media?parent=113"}],"curies":[{"name":"wp","href":"https:\/\/api.w.org\/{rel}","templated":true}]}}