{"id":177,"date":"2025-03-08T12:51:11","date_gmt":"2025-03-08T12:51:11","guid":{"rendered":"https:\/\/medina-spa.com\/?page_id=177"},"modified":"2025-10-16T11:50:17","modified_gmt":"2025-10-16T11:50:17","slug":"hammam","status":"publish","type":"page","link":"https:\/\/medina-spa.com\/es\/spa-services-marrakech\/hammam\/","title":{"rendered":"Hammam"},"content":{"rendered":"<div data-elementor-type=\"wp-page\" data-elementor-id=\"177\" class=\"elementor elementor-177\" data-elementor-post-type=\"page\">\n\t\t\t\t\t\t<section class=\"elementor-section elementor-top-section elementor-element elementor-element-28862fe5 elementor-section-boxed elementor-section-height-default elementor-section-height-default\" data-id=\"28862fe5\" data-element_type=\"section\" data-e-type=\"section\" data-settings=\"{&quot;background_background&quot;:&quot;classic&quot;}\">\n\t\t\t\t\t\t\t<div class=\"elementor-background-overlay\"><\/div>\n\t\t\t\t\t\t\t<div class=\"elementor-container elementor-column-gap-default\">\n\t\t\t\t\t<div class=\"elementor-column elementor-col-100 elementor-top-column elementor-element elementor-element-2a8629d2\" data-id=\"2a8629d2\" data-element_type=\"column\" data-e-type=\"column\">\n\t\t\t<div class=\"elementor-widget-wrap elementor-element-populated\">\n\t\t\t\t\t\t<div class=\"elementor-element elementor-element-660f2fa5 elementor-widget elementor-widget-heading\" data-id=\"660f2fa5\" data-element_type=\"widget\" data-e-type=\"widget\" data-widget_type=\"heading.default\">\n\t\t\t\t<div class=\"elementor-widget-container\">\n\t\t\t\t\t<h1 class=\"elementor-heading-title elementor-size-default\">Hammam en Medina Spa <\/h1>\t\t\t\t<\/div>\n\t\t\t\t<\/div>\n\t\t\t\t<div class=\"elementor-element elementor-element-2d7a188f elementor-widget elementor-widget-text-editor\" data-id=\"2d7a188f\" data-element_type=\"widget\" data-e-type=\"widget\" data-widget_type=\"text-editor.default\">\n\t\t\t\t<div class=\"elementor-widget-container\">\n\t\t\t\t\t\t\t\t\t<p class=\"banner-intro fadeInUp animated delay-1s\"><strong>Un hammam tradicional marroqu\u00ed<\/strong> combina vapor, exfoliaci\u00f3n y masaje para estimular la circulaci\u00f3n, desintoxicar el cuerpo y dejar una sensaci\u00f3n de frescor y revitalizaci\u00f3n.<\/p>\t\t\t\t\t\t\t\t<\/div>\n\t\t\t\t<\/div>\n\t\t\t\t\t<\/div>\n\t\t<\/div>\n\t\t\t\t\t<\/div>\n\t\t<\/section>\n\t\t\t\t<section class=\"elementor-section elementor-top-section elementor-element elementor-element-59b02495 elementor-section-boxed elementor-section-height-default elementor-section-height-default\" data-id=\"59b02495\" data-element_type=\"section\" data-e-type=\"section\" data-settings=\"{&quot;background_background&quot;:&quot;classic&quot;}\">\n\t\t\t\t\t\t<div class=\"elementor-container elementor-column-gap-default\">\n\t\t\t\t\t<div class=\"elementor-column elementor-col-33 elementor-top-column elementor-element elementor-element-77d1c3d6\" data-id=\"77d1c3d6\" data-element_type=\"column\" data-e-type=\"column\">\n\t\t\t<div class=\"elementor-widget-wrap elementor-element-populated\">\n\t\t\t\t\t\t<div class=\"elementor-element elementor-element-db275b0 elementor-invisible elementor-widget elementor-widget-heading\" data-id=\"db275b0\" data-element_type=\"widget\" data-e-type=\"widget\" data-settings=\"{&quot;_animation&quot;:&quot;fadeInUp&quot;}\" data-widget_type=\"heading.default\">\n\t\t\t\t<div class=\"elementor-widget-container\">\n\t\t\t\t\t<h5 class=\"elementor-heading-title elementor-size-default\">\u00bfQui\u00e9nes somos?<\/h5>\t\t\t\t<\/div>\n\t\t\t\t<\/div>\n\t\t\t\t<div class=\"elementor-element elementor-element-29e3a70d elementor-invisible elementor-widget elementor-widget-heading\" data-id=\"29e3a70d\" data-element_type=\"widget\" data-e-type=\"widget\" data-settings=\"{&quot;_animation&quot;:&quot;fadeInUp&quot;,&quot;_animation_delay&quot;:100}\" data-widget_type=\"heading.default\">\n\t\t\t\t<div class=\"elementor-widget-container\">\n\t\t\t\t\t<h2 class=\"elementor-heading-title elementor-size-default\">\u00bfQu\u00e9 es un SPA de belleza?<\/h2>\t\t\t\t<\/div>\n\t\t\t\t<\/div>\n\t\t\t\t<div class=\"elementor-element elementor-element-49ca6b4a elementor-widget elementor-widget-text-editor\" data-id=\"49ca6b4a\" data-element_type=\"widget\" data-e-type=\"widget\" data-widget_type=\"text-editor.default\">\n\t\t\t\t<div class=\"elementor-widget-container\">\n\t\t\t\t\t\t\t\t\t<p>En <strong>Balneario de Medina<\/strong>, a <strong>SPA de belleza<\/strong> es un para\u00edso de relajaci\u00f3n y cuidado personal. Ofrecemos masajes, tratamientos faciales, rituales de hammam y tratamientos de belleza para rejuvenecer el cuerpo y la mente, dej\u00e1ndole fresco y radiante.<\/p>\t\t\t\t\t\t\t\t<\/div>\n\t\t\t\t<\/div>\n\t\t\t\t<div class=\"elementor-element elementor-element-5454620e elementor-align-left elementor-tablet-align-center elementor-mobile-align-justify elementor-widget elementor-widget-button\" data-id=\"5454620e\" data-element_type=\"widget\" data-e-type=\"widget\" data-widget_type=\"button.default\">\n\t\t\t\t<div class=\"elementor-widget-container\">\n\t\t\t\t\t\t\t\t\t<div class=\"elementor-button-wrapper\">\n\t\t\t\t\t<a class=\"elementor-button elementor-button-link elementor-size-sm elementor-animation-push\" href=\"https:\/\/medina-spa.com\/es\/acerca-de-nosotros\/\">\n\t\t\t\t\t\t<span class=\"elementor-button-content-wrapper\">\n\t\t\t\t\t\t\t\t\t<span class=\"elementor-button-text\">Seguir leyendo<\/span>\n\t\t\t\t\t<\/span>\n\t\t\t\t\t<\/a>\n\t\t\t\t<\/div>\n\t\t\t\t\t\t\t\t<\/div>\n\t\t\t\t<\/div>\n\t\t\t\t\t<\/div>\n\t\t<\/div>\n\t\t\t\t<div class=\"elementor-column elementor-col-33 elementor-top-column elementor-element elementor-element-1d0711bf elementor-invisible\" data-id=\"1d0711bf\" data-element_type=\"column\" data-e-type=\"column\" data-settings=\"{&quot;background_background&quot;:&quot;classic&quot;,&quot;animation&quot;:&quot;fadeInUp&quot;,&quot;animation_delay&quot;:200}\">\n\t\t\t<div class=\"elementor-widget-wrap elementor-element-populated\">\n\t\t\t\t\t\t<div class=\"elementor-element elementor-element-289268b elementor-view-default elementor-position-block-start elementor-mobile-position-block-start elementor-widget elementor-widget-icon-box\" data-id=\"289268b\" data-element_type=\"widget\" data-e-type=\"widget\" data-widget_type=\"icon-box.default\">\n\t\t\t\t<div class=\"elementor-widget-container\">\n\t\t\t\t\t\t\t<div class=\"elementor-icon-box-wrapper\">\n\n\t\t\t\t\t\t<div class=\"elementor-icon-box-icon\">\n\t\t\t\t<span  class=\"elementor-icon\">\n\t\t\t\t<svg aria-hidden=\"true\" class=\"e-font-icon-svg e-fas-leaf\" viewbox=\"0 0 576 512\" xmlns=\"http:\/\/www.w3.org\/2000\/svg\"><path d=\"M546.2 9.7c-5.6-12.5-21.6-13-28.3-1.2C486.9 62.4 431.4 96 368 96h-80C182 96 96 182 96 288c0 7 .8 13.7 1.5 20.5C161.3 262.8 253.4 224 384 224c8.8 0 16 7.2 16 16s-7.2 16-16 16C132.6 256 26 410.1 2.4 468c-6.6 16.3 1.2 34.9 17.5 41.6 16.4 6.8 35-1.1 41.8-17.3 1.5-3.6 20.9-47.9 71.9-90.6 32.4 43.9 94 85.8 174.9 77.2C465.5 467.5 576 326.7 576 154.3c0-50.2-10.8-102.2-29.8-144.6z\"><\/path><\/svg>\t\t\t\t<\/span>\n\t\t\t<\/div>\n\t\t\t\n\t\t\t\t\t\t<div class=\"elementor-icon-box-content\">\n\n\t\t\t\t\t\t\t\t\t<h4 class=\"elementor-icon-box-title\">\n\t\t\t\t\t\t<span  >\n\t\t\t\t\t\t\tNuestra visi\u00f3n\t\t\t\t\t\t<\/span>\n\t\t\t\t\t<\/h4>\n\t\t\t\t\n\t\t\t\t\t\t\t\t\t<p class=\"elementor-icon-box-description\">\n\t\t\t\t\t\tEl Medina Spa es un santuario de relajaci\u00f3n y bienestar que ofrece aut\u00e9nticos tratamientos marroqu\u00edes, cuidados expertos y un ambiente sereno para rejuvenecer el cuerpo, la mente y el alma y disfrutar de una experiencia verdaderamente placentera.\t\t\t\t\t<\/p>\n\t\t\t\t\n\t\t\t<\/div>\n\t\t\t\n\t\t<\/div>\n\t\t\t\t\t\t<\/div>\n\t\t\t\t<\/div>\n\t\t\t\t\t<\/div>\n\t\t<\/div>\n\t\t\t\t<div class=\"elementor-column elementor-col-33 elementor-top-column elementor-element elementor-element-3864fd99 elementor-invisible\" data-id=\"3864fd99\" data-element_type=\"column\" data-e-type=\"column\" data-settings=\"{&quot;background_background&quot;:&quot;classic&quot;,&quot;animation&quot;:&quot;fadeInUp&quot;,&quot;animation_delay&quot;:300}\">\n\t\t\t<div class=\"elementor-widget-wrap elementor-element-populated\">\n\t\t\t\t\t\t<div class=\"elementor-element elementor-element-2d24937d elementor-view-default elementor-position-block-start elementor-mobile-position-block-start elementor-widget elementor-widget-icon-box\" data-id=\"2d24937d\" data-element_type=\"widget\" data-e-type=\"widget\" data-widget_type=\"icon-box.default\">\n\t\t\t\t<div class=\"elementor-widget-container\">\n\t\t\t\t\t\t\t<div class=\"elementor-icon-box-wrapper\">\n\n\t\t\t\t\t\t<div class=\"elementor-icon-box-icon\">\n\t\t\t\t<span  class=\"elementor-icon\">\n\t\t\t\t<svg aria-hidden=\"true\" class=\"e-font-icon-svg e-fas-project-diagram\" viewbox=\"0 0 640 512\" xmlns=\"http:\/\/www.w3.org\/2000\/svg\"><path d=\"M384 320H256c-17.67 0-32 14.33-32 32v128c0 17.67 14.33 32 32 32h128c17.67 0 32-14.33 32-32V352c0-17.67-14.33-32-32-32zM192 32c0-17.67-14.33-32-32-32H32C14.33 0 0 14.33 0 32v128c0 17.67 14.33 32 32 32h95.72l73.16 128.04C211.98 300.98 232.4 288 256 288h.28L192 175.51V128h224V64H192V32zM608 0H480c-17.67 0-32 14.33-32 32v128c0 17.67 14.33 32 32 32h128c17.67 0 32-14.33 32-32V32c0-17.67-14.33-32-32-32z\"><\/path><\/svg>\t\t\t\t<\/span>\n\t\t\t<\/div>\n\t\t\t\n\t\t\t\t\t\t<div class=\"elementor-icon-box-content\">\n\n\t\t\t\t\t\t\t\t\t<h4 class=\"elementor-icon-box-title\">\n\t\t\t\t\t\t<span  >\n\t\t\t\t\t\t\tNuestra misi\u00f3n\t\t\t\t\t\t<\/span>\n\t\t\t\t\t<\/h4>\n\t\t\t\t\n\t\t\t\t\t\t\t\t\t<p class=\"elementor-icon-box-description\">\n\t\t\t\t\t\tnuestra misi\u00f3n es proporcionar una aut\u00e9ntica experiencia de bienestar a trav\u00e9s de masajes expertos, rituales de hammam y tratamientos de belleza, garantizando la relajaci\u00f3n, el rejuvenecimiento y una verdadera escapada en el coraz\u00f3n de Marrakech.\t\t\t\t\t<\/p>\n\t\t\t\t\n\t\t\t<\/div>\n\t\t\t\n\t\t<\/div>\n\t\t\t\t\t\t<\/div>\n\t\t\t\t<\/div>\n\t\t\t\t\t<\/div>\n\t\t<\/div>\n\t\t\t\t\t<\/div>\n\t\t<\/section>\n\t\t\t\t<section class=\"elementor-section elementor-top-section elementor-element elementor-element-7c173d93 elementor-section-boxed elementor-section-height-default elementor-section-height-default\" data-id=\"7c173d93\" data-element_type=\"section\" data-e-type=\"section\">\n\t\t\t\t\t\t<div class=\"elementor-container elementor-column-gap-default\">\n\t\t\t\t\t<div class=\"elementor-column elementor-col-100 elementor-top-column elementor-element elementor-element-144569a6\" data-id=\"144569a6\" data-element_type=\"column\" data-e-type=\"column\">\n\t\t\t<div class=\"elementor-widget-wrap elementor-element-populated\">\n\t\t\t\t\t\t<div class=\"elementor-element elementor-element-18def5 elementor-widget elementor-widget-heading\" data-id=\"18def5\" data-element_type=\"widget\" data-e-type=\"widget\" data-widget_type=\"heading.default\">\n\t\t\t\t<div class=\"elementor-widget-container\">\n\t\t\t\t\t<h2 class=\"elementor-heading-title elementor-size-default\">Nuestros paquetes de hammam con precios<\/h2>\t\t\t\t<\/div>\n\t\t\t\t<\/div>\n\t\t\t\t<section class=\"elementor-section elementor-inner-section elementor-element elementor-element-6339cc0e elementor-section-boxed elementor-section-height-default elementor-section-height-default\" data-id=\"6339cc0e\" data-element_type=\"section\" data-e-type=\"section\">\n\t\t\t\t\t\t<div class=\"elementor-container elementor-column-gap-default\">\n\t\t\t\t\t<div class=\"elementor-column elementor-col-100 elementor-inner-column elementor-element elementor-element-47bc0707\" data-id=\"47bc0707\" data-element_type=\"column\" data-e-type=\"column\">\n\t\t\t<div class=\"elementor-widget-wrap elementor-element-populated\">\n\t\t\t\t\t\t<div class=\"elementor-element elementor-element-9a7844d elementor-widget elementor-widget-html\" data-id=\"9a7844d\" data-element_type=\"widget\" data-e-type=\"widget\" data-widget_type=\"html.default\">\n\t\t\t\t<div class=\"elementor-widget-container\">\n\t\t\t\t\t<table border=\"1\" cellpadding=\"10\" cellspacing=\"0\" width=\"100%\">\r\n    <thead>\r\n        <tr>\r\n            <th>Paquete Hammam<\/th>\r\n            <th>Duraci\u00f3n<\/th>\r\n            <th>Precio (\u20ac) - Individual<\/th>\r\n            <th>Precio (\u20ac) - Parejas<\/th>\r\n            <th>Descripci\u00f3n<\/th>\r\n            <th>Reservas<\/th>\r\n        <\/tr>\r\n    <\/thead>\r\n    <tbody>\r\n        <tr>\r\n            <td>Hammam tradicional marroqu\u00ed<\/td>\r\n            <td>60 min<\/td>\r\n            <td>40\u20ac<\/td>\r\n            <td>75\u20ac<\/td>\r\n            <td>Experimente el aut\u00e9ntico hammam marroqu\u00ed con exfoliaci\u00f3n de jab\u00f3n negro, ba\u00f1o de vapor y un refrescante aclarado para una piel suave y purificada.<\/td>\r\n            <td><a href=\"https:\/\/api.whatsapp.com\/send\/?phone=212664759428&amp;text=Traditional+Moroccan+Hammam\" target=\"_blank\" rel=\"noopener\">Reserve ahora<\/a><\/td>\r\n        <\/tr>\r\n        <tr>\r\n            <td>Hammam de lujo y masaje con aceite de arg\u00e1n<\/td>\r\n            <td>90 min<\/td>\r\n            <td>70\u20ac<\/td>\r\n            <td>130\u20ac<\/td>\r\n            <td>Una experiencia de bienestar completa con una limpieza tradicional en el hammam seguida de un nutritivo masaje con aceite de arg\u00e1n para una relajaci\u00f3n profunda.<\/td>\r\n            <td><a href=\"https:\/\/api.whatsapp.com\/send\/?phone=212664759428&amp;text=Luxury+Hammam+%26+Argan+Oil+Massage\" target=\"_blank\" rel=\"noopener\">Reserve ahora<\/a><\/td>\r\n        <\/tr>\r\n        <tr>\r\n            <td>Ritual del hammam real<\/td>\r\n            <td>90 min<\/td>\r\n            <td>85\u20ac<\/td>\r\n            <td>160\u20ac<\/td>\r\n            <td>Disfrute de un tratamiento real con exfoliante de jab\u00f3n negro, envoltura de arcilla rhassoul y masaje corporal hidratante con aceites de rosas.<\/td>\r\n            <td><a href=\"https:\/\/api.whatsapp.com\/send\/?phone=212664759428&amp;text=Royal+Hammam+Ritual\" target=\"_blank\" rel=\"noopener\">Reserve ahora<\/a><\/td>\r\n        <\/tr>\r\n        <tr>\r\n            <td>Hammam desintoxicante y envoltura de Ghassoul<\/td>\r\n            <td>75 min<\/td>\r\n            <td>55\u20ac<\/td>\r\n            <td>100\u20ac<\/td>\r\n            <td>Una sesi\u00f3n de hammam desintoxicante con una envoltura corporal completa de arcilla ghassoul para eliminar toxinas, suavizar la piel y mejorar la circulaci\u00f3n.<\/td>\r\n            <td><a href=\"https:\/\/api.whatsapp.com\/send\/?phone=212664759428&amp;text=Detox+Hammam+%26+Ghassoul+Wrap\" target=\"_blank\" rel=\"noopener\">Reserve ahora<\/a><\/td>\r\n        <\/tr>\r\n        <tr>\r\n            <td>Hammam y relajaci\u00f3n con agua de rosas<\/td>\r\n            <td>60 min<\/td>\r\n            <td>50\u20ac<\/td>\r\n            <td>90\u20ac<\/td>\r\n            <td>Una refrescante experiencia en el hammam con tratamiento de agua de rosas, que dejar\u00e1 su piel hidratada, fresca y delicadamente perfumada.<\/td>\r\n            <td><a href=\"https:\/\/api.whatsapp.com\/send\/?phone=212664759428&amp;text=Hammam+%26+Rose+Water+Relaxation\" target=\"_blank\" rel=\"noopener\">Reserve ahora<\/a><\/td>\r\n        <\/tr>\r\n        <tr>\r\n            <td>Jab\u00f3n negro y exfoliante Kessa Hammam<\/td>\r\n            <td>60 min<\/td>\r\n            <td>45\u20ac<\/td>\r\n            <td>85\u20ac<\/td>\r\n            <td>Un hammam de exfoliaci\u00f3n profunda con jab\u00f3n negro y exfoliaci\u00f3n con guantes Kessa para eliminar la piel muerta y restaurar el brillo natural.<\/td>\r\n            <td><a href=\"https:\/\/api.whatsapp.com\/send\/?phone=212664759428&amp;text=Black+Soap+%26+Kessa+Scrub+Hammam\" target=\"_blank\" rel=\"noopener\">Reserve ahora<\/a><\/td>\r\n        <\/tr>\r\n        <tr>\r\n            <td>Hammam rom\u00e1ntico para parejas<\/td>\r\n            <td>90 min<\/td>\r\n            <td>-<\/td>\r\n            <td>150\u20ac<\/td>\r\n            <td>Una experiencia de hammam privada dise\u00f1ada para parejas, que incluye una exfoliaci\u00f3n calmante, una envoltura de aceites esenciales y un masaje relajante.<\/td>\r\n            <td><a href=\"https:\/\/api.whatsapp.com\/send\/?phone=212664759428&amp;text=Romantic+Hammam+for+Couples\" target=\"_blank\" rel=\"noopener\">Reserve ahora<\/a><\/td>\r\n        <\/tr>\r\n        <tr>\r\n            <td>Hammam y relajaci\u00f3n corporal<\/td>\r\n            <td>90 min<\/td>\r\n            <td>75\u20ac<\/td>\r\n            <td>140\u20ac<\/td>\r\n            <td>Una experiencia revitalizante con un hammam de limpieza profunda, seguido de un masaje corporal completo para una relajaci\u00f3n total.<\/td>\r\n            <td><a href=\"https:\/\/api.whatsapp.com\/send\/?phone=212664759428&amp;text=Hammam+%26+Full-Body+Relaxation\" target=\"_blank\" rel=\"noopener\">Reserve ahora<\/a><\/td>\r\n        <\/tr>\r\n    <\/tbody>\r\n<\/table>\r\n\t\t\t\t<\/div>\n\t\t\t\t<\/div>\n\t\t\t\t\t<\/div>\n\t\t<\/div>\n\t\t\t\t\t<\/div>\n\t\t<\/section>\n\t\t\t\t\t<\/div>\n\t\t<\/div>\n\t\t\t\t\t<\/div>\n\t\t<\/section>\n\t\t\t\t<section class=\"elementor-section elementor-top-section elementor-element elementor-element-ebcf21d elementor-section-boxed elementor-section-height-default elementor-section-height-default\" data-id=\"ebcf21d\" data-element_type=\"section\" data-e-type=\"section\" data-settings=\"{&quot;background_background&quot;:&quot;classic&quot;}\">\n\t\t\t\t\t\t<div class=\"elementor-container elementor-column-gap-default\">\n\t\t\t\t\t<div class=\"elementor-column elementor-col-50 elementor-top-column elementor-element elementor-element-9da8823\" data-id=\"9da8823\" data-element_type=\"column\" data-e-type=\"column\">\n\t\t\t<div class=\"elementor-widget-wrap elementor-element-populated\">\n\t\t\t\t\t\t<div class=\"elementor-element elementor-element-450a8d32 elementor-widget elementor-widget-heading\" data-id=\"450a8d32\" data-element_type=\"widget\" data-e-type=\"widget\" data-widget_type=\"heading.default\">\n\t\t\t\t<div class=\"elementor-widget-container\">\n\t\t\t\t\t<h5 class=\"elementor-heading-title elementor-size-default\">M\u00e1s informaci\u00f3n<\/h5>\t\t\t\t<\/div>\n\t\t\t\t<\/div>\n\t\t\t\t<div class=\"elementor-element elementor-element-5b51fcf3 elementor-widget elementor-widget-heading\" data-id=\"5b51fcf3\" data-element_type=\"widget\" data-e-type=\"widget\" data-widget_type=\"heading.default\">\n\t\t\t\t<div class=\"elementor-widget-container\">\n\t\t\t\t\t<h2 class=\"elementor-heading-title elementor-size-default\">Informaci\u00f3n de contacto<\/h2>\t\t\t\t<\/div>\n\t\t\t\t<\/div>\n\t\t\t\t<div class=\"elementor-element elementor-element-1e9bc728 elementor-align-start elementor-icon-list--layout-traditional elementor-list-item-link-full_width elementor-widget elementor-widget-icon-list\" data-id=\"1e9bc728\" data-element_type=\"widget\" data-e-type=\"widget\" data-widget_type=\"icon-list.default\">\n\t\t\t\t<div class=\"elementor-widget-container\">\n\t\t\t\t\t\t\t<ul class=\"elementor-icon-list-items\">\n\t\t\t\t\t\t\t<li class=\"elementor-icon-list-item\">\n\t\t\t\t\t\t\t\t\t\t\t<span class=\"elementor-icon-list-icon\">\n\t\t\t\t\t\t\t<svg aria-hidden=\"true\" class=\"e-font-icon-svg e-fas-phone\" viewbox=\"0 0 512 512\" xmlns=\"http:\/\/www.w3.org\/2000\/svg\"><path d=\"M493.4 24.6l-104-24c-11.3-2.6-22.9 3.3-27.5 13.9l-48 112c-4.2 9.8-1.4 21.3 6.9 28l60.6 49.6c-36 76.7-98.9 140.5-177.2 177.2l-49.6-60.6c-6.8-8.3-18.2-11.1-28-6.9l-112 48C3.9 366.5-2 378.1.6 389.4l24 104C27.1 504.2 36.7 512 48 512c256.1 0 464-207.5 464-464 0-11.2-7.7-20.9-18.6-23.4z\"><\/path><\/svg>\t\t\t\t\t\t<\/span>\n\t\t\t\t\t\t\t\t\t\t<span class=\"elementor-icon-list-text\">Ll\u00e1menos : +(212) 66124171<\/span>\n\t\t\t\t\t\t\t\t\t<\/li>\n\t\t\t\t\t\t\t\t<li class=\"elementor-icon-list-item\">\n\t\t\t\t\t\t\t\t\t\t\t<span class=\"elementor-icon-list-icon\">\n\t\t\t\t\t\t\t<svg aria-hidden=\"true\" class=\"e-font-icon-svg e-fas-envelope-open-text\" viewbox=\"0 0 512 512\" xmlns=\"http:\/\/www.w3.org\/2000\/svg\"><path d=\"M176 216h160c8.84 0 16-7.16 16-16v-16c0-8.84-7.16-16-16-16H176c-8.84 0-16 7.16-16 16v16c0 8.84 7.16 16 16 16zm-16 80c0 8.84 7.16 16 16 16h160c8.84 0 16-7.16 16-16v-16c0-8.84-7.16-16-16-16H176c-8.84 0-16 7.16-16 16v16zm96 121.13c-16.42 0-32.84-5.06-46.86-15.19L0 250.86V464c0 26.51 21.49 48 48 48h416c26.51 0 48-21.49 48-48V250.86L302.86 401.94c-14.02 10.12-30.44 15.19-46.86 15.19zm237.61-254.18c-8.85-6.94-17.24-13.47-29.61-22.81V96c0-26.51-21.49-48-48-48h-77.55c-3.04-2.2-5.87-4.26-9.04-6.56C312.6 29.17 279.2-.35 256 0c-23.2-.35-56.59 29.17-73.41 41.44-3.17 2.3-6 4.36-9.04 6.56H96c-26.51 0-48 21.49-48 48v44.14c-12.37 9.33-20.76 15.87-29.61 22.81A47.995 47.995 0 0 0 0 200.72v10.65l96 69.35V96h320v184.72l96-69.35v-10.65c0-14.74-6.78-28.67-18.39-37.77z\"><\/path><\/svg>\t\t\t\t\t\t<\/span>\n\t\t\t\t\t\t\t\t\t\t<span class=\"elementor-icon-list-text\">Correo electr\u00f3nico : Contact@medina-spa.com<\/span>\n\t\t\t\t\t\t\t\t\t<\/li>\n\t\t\t\t\t\t\t\t<li class=\"elementor-icon-list-item\">\n\t\t\t\t\t\t\t\t\t\t\t<span class=\"elementor-icon-list-icon\">\n\t\t\t\t\t\t\t<svg aria-hidden=\"true\" class=\"e-font-icon-svg e-fas-clock\" viewbox=\"0 0 512 512\" xmlns=\"http:\/\/www.w3.org\/2000\/svg\"><path d=\"M256,8C119,8,8,119,8,256S119,504,256,504,504,393,504,256,393,8,256,8Zm92.49,313h0l-20,25a16,16,0,0,1-22.49,2.5h0l-67-49.72a40,40,0,0,1-15-31.23V112a16,16,0,0,1,16-16h32a16,16,0,0,1,16,16V256l58,42.5A16,16,0,0,1,348.49,321Z\"><\/path><\/svg>\t\t\t\t\t\t<\/span>\n\t\t\t\t\t\t\t\t\t\t<span class=\"elementor-icon-list-text\">Lun Dom : 10:00 AM - 22:00 PM<\/span>\n\t\t\t\t\t\t\t\t\t<\/li>\n\t\t\t\t\t\t\t\t<li class=\"elementor-icon-list-item\">\n\t\t\t\t\t\t\t\t\t\t\t<span class=\"elementor-icon-list-icon\">\n\t\t\t\t\t\t\t<svg aria-hidden=\"true\" class=\"e-font-icon-svg e-fas-map-marked-alt\" viewbox=\"0 0 576 512\" xmlns=\"http:\/\/www.w3.org\/2000\/svg\"><path d=\"M288 0c-69.59 0-126 56.41-126 126 0 56.26 82.35 158.8 113.9 196.02 6.39 7.54 17.82 7.54 24.2 0C331.65 284.8 414 182.26 414 126 414 56.41 357.59 0 288 0zm0 168c-23.2 0-42-18.8-42-42s18.8-42 42-42 42 18.8 42 42-18.8 42-42 42zM20.12 215.95A32.006 32.006 0 0 0 0 245.66v250.32c0 11.32 11.43 19.06 21.94 14.86L160 448V214.92c-8.84-15.98-16.07-31.54-21.25-46.42L20.12 215.95zM288 359.67c-14.07 0-27.38-6.18-36.51-16.96-19.66-23.2-40.57-49.62-59.49-76.72v182l192 64V266c-18.92 27.09-39.82 53.52-59.49 76.72-9.13 10.77-22.44 16.95-36.51 16.95zm266.06-198.51L416 224v288l139.88-55.95A31.996 31.996 0 0 0 576 426.34V176.02c0-11.32-11.43-19.06-21.94-14.86z\"><\/path><\/svg>\t\t\t\t\t\t<\/span>\n\t\t\t\t\t\t\t\t\t\t<span class=\"elementor-icon-list-text\">A\u00f1adir : Jamaa el Fna Medina Marrakech 40000<\/span>\n\t\t\t\t\t\t\t\t\t<\/li>\n\t\t\t\t\t\t<\/ul>\n\t\t\t\t\t\t<\/div>\n\t\t\t\t<\/div>\n\t\t\t\t<div class=\"elementor-element elementor-element-33d579ac elementor-align-left elementor-mobile-align-justify elementor-widget elementor-widget-button\" data-id=\"33d579ac\" data-element_type=\"widget\" data-e-type=\"widget\" data-widget_type=\"button.default\">\n\t\t\t\t<div class=\"elementor-widget-container\">\n\t\t\t\t\t\t\t\t\t<div class=\"elementor-button-wrapper\">\n\t\t\t\t\t<a class=\"elementor-button elementor-button-link elementor-size-sm elementor-animation-push\" href=\"https:\/\/medina-spa.com\/es\/pongase-en-contacto-con\/\">\n\t\t\t\t\t\t<span class=\"elementor-button-content-wrapper\">\n\t\t\t\t\t\t\t\t\t<span class=\"elementor-button-text\">P\u00f3ngase en contacto con nosotros<\/span>\n\t\t\t\t\t<\/span>\n\t\t\t\t\t<\/a>\n\t\t\t\t<\/div>\n\t\t\t\t\t\t\t\t<\/div>\n\t\t\t\t<\/div>\n\t\t\t\t\t<\/div>\n\t\t<\/div>\n\t\t\t\t<div class=\"elementor-column elementor-col-50 elementor-top-column elementor-element elementor-element-2921ba81\" data-id=\"2921ba81\" data-element_type=\"column\" data-e-type=\"column\">\n\t\t\t<div class=\"elementor-widget-wrap elementor-element-populated\">\n\t\t\t\t\t\t<div class=\"elementor-element elementor-element-5e42e76c elementor-invisible elementor-widget elementor-widget-google_maps\" data-id=\"5e42e76c\" data-element_type=\"widget\" data-e-type=\"widget\" data-settings=\"{&quot;_animation&quot;:&quot;fadeInUp&quot;}\" data-widget_type=\"google_maps.default\">\n\t\t\t\t<div class=\"elementor-widget-container\">\n\t\t\t\t\t\t\t<div class=\"elementor-custom-embed\">\n\t\t\t<iframe loading=\"lazy\"\n\t\t\t\t\tsrc=\"https:\/\/maps.google.com\/maps?q=medina%20marrakech&#038;t=m&#038;z=15&#038;output=embed&#038;iwloc=near\"\n\t\t\t\t\ttitle=\"medina de marrakech\"\n\t\t\t\t\taria-label=\"medina de marrakech\"\n\t\t\t><\/iframe>\n\t\t<\/div>\n\t\t\t\t\t\t<\/div>\n\t\t\t\t<\/div>\n\t\t\t\t\t<\/div>\n\t\t<\/div>\n\t\t\t\t\t<\/div>\n\t\t<\/section>\n\t\t\t\t<\/div>","protected":false},"excerpt":{"rendered":"<p>Hammam at Medina Spa A traditional Moroccan hammam combines steam, exfoliation, and massage to boost circulation, detoxify the body, and leave you feeling refreshed and revitalized. Who Are We? What is Beauty SPA? At Medina Spa, a Beauty SPA is a haven of relaxation and self-care. We offer massages, facials, hammam rituals, and beauty treatments [&hellip;]<\/p>\n","protected":false},"author":1,"featured_media":0,"parent":125,"menu_order":0,"comment_status":"closed","ping_status":"closed","template":"","meta":{"_joinchat":[],"footnotes":""},"class_list":["post-177","page","type-page","status-publish","hentry"],"_hostinger_reach_plugin_has_subscription_block":false,"_hostinger_reach_plugin_is_elementor":false,"_links":{"self":[{"href":"https:\/\/medina-spa.com\/es\/wp-json\/wp\/v2\/pages\/177","targetHints":{"allow":["GET"]}}],"collection":[{"href":"https:\/\/medina-spa.com\/es\/wp-json\/wp\/v2\/pages"}],"about":[{"href":"https:\/\/medina-spa.com\/es\/wp-json\/wp\/v2\/types\/page"}],"author":[{"embeddable":true,"href":"https:\/\/medina-spa.com\/es\/wp-json\/wp\/v2\/users\/1"}],"replies":[{"embeddable":true,"href":"https:\/\/medina-spa.com\/es\/wp-json\/wp\/v2\/comments?post=177"}],"version-history":[{"count":7,"href":"https:\/\/medina-spa.com\/es\/wp-json\/wp\/v2\/pages\/177\/revisions"}],"predecessor-version":[{"id":285,"href":"https:\/\/medina-spa.com\/es\/wp-json\/wp\/v2\/pages\/177\/revisions\/285"}],"up":[{"embeddable":true,"href":"https:\/\/medina-spa.com\/es\/wp-json\/wp\/v2\/pages\/125"}],"wp:attachment":[{"href":"https:\/\/medina-spa.com\/es\/wp-json\/wp\/v2\/media?parent=177"}],"curies":[{"name":"wp","href":"https:\/\/api.w.org\/{rel}","templated":true}]}}